{"id":32574,"date":"2025-12-05T13:43:13","date_gmt":"2025-12-05T12:43:13","guid":{"rendered":"https:\/\/www.cl-chausseur.com\/?post_type=product&#038;p=32574"},"modified":"2026-01-29T15:17:02","modified_gmt":"2026-01-29T14:17:02","slug":"bali1","status":"publish","type":"product","link":"https:\/\/www.cl-chausseur.com\/index.php\/produit\/bali1\/","title":{"rendered":"Bali1"},"content":{"rendered":"","protected":false},"excerpt":{"rendered":"<p>Agneau noir et veau velours gris , doublure enti\u00e8rement agneau, semelle int\u00e9rieure cuir amovible avec amorti, semelle gomme naturelle, talon de 3cm rehauss\u00e9 par l&rsquo;int\u00e9rieur.<\/p>\n<p>Les peausseries employ\u00e9es par Candice Cooper sont tann\u00e9es sans chrome et les teintures sont v\u00e9g\u00e9tales.<\/p>\n<p>Conseil chaussant:ce mod\u00e8le chausse normalement.Nous vous conseillons de prendre votre pointure habituelle.Pour un 39 prendre 39, pour un 38,5 prendre 39.<\/p>\n","protected":false},"featured_media":32575,"template":"","meta":{"_et_pb_use_builder":"","_et_pb_old_content":"","_et_gb_content_width":""},"product_brand":[],"product_cat":[148,149],"product_tag":[94],"class_list":{"0":"post-32574","1":"product","2":"type-product","3":"status-publish","4":"has-post-thumbnail","6":"product_cat-femme-automne-hiver","7":"product_cat-sneakers-femme-automne-hiver","8":"product_tag-sneakers","10":"first","11":"instock","12":"taxable","13":"shipping-taxable","14":"purchasable","15":"product-type-variable"},"_links":{"self":[{"href":"https:\/\/www.cl-chausseur.com\/index.php\/wp-json\/wp\/v2\/product\/32574","targetHints":{"allow":["GET"]}}],"collection":[{"href":"https:\/\/www.cl-chausseur.com\/index.php\/wp-json\/wp\/v2\/product"}],"about":[{"href":"https:\/\/www.cl-chausseur.com\/index.php\/wp-json\/wp\/v2\/types\/product"}],"wp:featuredmedia":[{"embeddable":true,"href":"https:\/\/www.cl-chausseur.com\/index.php\/wp-json\/wp\/v2\/media\/32575"}],"wp:attachment":[{"href":"https:\/\/www.cl-chausseur.com\/index.php\/wp-json\/wp\/v2\/media?parent=32574"}],"wp:term":[{"taxonomy":"product_brand","embeddable":true,"href":"https:\/\/www.cl-chausseur.com\/index.php\/wp-json\/wp\/v2\/product_brand?post=32574"},{"taxonomy":"product_cat","embeddable":true,"href":"https:\/\/www.cl-chausseur.com\/index.php\/wp-json\/wp\/v2\/product_cat?post=32574"},{"taxonomy":"product_tag","embeddable":true,"href":"https:\/\/www.cl-chausseur.com\/index.php\/wp-json\/wp\/v2\/product_tag?post=32574"}],"curies":[{"name":"wp","href":"https:\/\/api.w.org\/{rel}","templated":true}]}}